{"id":40,"date":"2016-11-19T18:20:50","date_gmt":"2016-11-19T17:20:50","guid":{"rendered":"http:\/\/www.foto-jung.com\/?page_id=40"},"modified":"2025-12-22T22:00:07","modified_gmt":"2025-12-22T21:00:07","slug":"kontakt","status":"publish","type":"page","link":"https:\/\/www.foto-jung.com\/index.php\/kontakt\/","title":{"rendered":"Kontakt"},"content":{"rendered":"<h1>Kontakt \/ Impressum<\/h1>\n<p>Foto Jung<br \/>\nInh. Frank Jung<br \/>\nTumpenstra\u00dfe 13a<br \/>\n83435 Bad Reichenhall<br \/>\nTel. +49 (0)8651 996 2121<br \/>\nE-Mail: frank@foto-jung.com<\/p>\n<p><strong><em>Termine nach Vereinbarung<\/em><\/strong><\/p>\n<p><strong>Umsatzsteuer-Identifikationsnummer gem\u00e4\u00df \u00a7 27 a Umsatzsteuergesetz:<br \/>\n<\/strong> DE219195646<\/p>\n<p><strong>Inhaltlich Verantwortlicher gem\u00e4\u00df \u00a7 55 Abs. 2 RStV:<br \/>\n<\/strong> Frank Jung (Anschrift wie oben) ****<\/p>\n<p><strong>Haftungshinweis:<br \/>\n<\/strong>Trotz sorgf\u00e4ltiger inhaltlicher Kontrolle \u00fcbernehmen wir keine Haftung f\u00fcr die Inhalte externer Links.<br \/>\nF\u00fcr den Inhalt der verlinkten Seiten sind ausschlie\u00dflich deren Betreiber verantwortlich.<\/p>\n","protected":false},"excerpt":{"rendered":"<p>Kontakt \/ Impressum Foto Jung Inh. Frank Jung Tumpenstra\u00dfe 13a 83435 Bad Reichenhall Tel. +49 (0)8651 996 2121 E-Mail: frank@foto-jung.com Termine nach Vereinbarung Umsatzsteuer-Identifikationsnummer gem\u00e4\u00df \u00a7 27 a Umsatzsteuergesetz: DE219195646 Inhaltlich Verantwortlicher gem\u00e4\u00df \u00a7 55 Abs. 2 RStV: Frank Jung&hellip;<\/p>\n","protected":false},"author":1,"featured_media":0,"parent":0,"menu_order":40,"comment_status":"closed","ping_status":"closed","template":"fullwidth.php","meta":[],"_links":{"self":[{"href":"https:\/\/www.foto-jung.com\/index.php\/wp-json\/wp\/v2\/pages\/40"}],"collection":[{"href":"https:\/\/www.foto-jung.com\/index.php\/wp-json\/wp\/v2\/pages"}],"about":[{"href":"https:\/\/www.foto-jung.com\/index.php\/wp-json\/wp\/v2\/types\/page"}],"author":[{"embeddable":true,"href":"https:\/\/www.foto-jung.com\/index.php\/wp-json\/wp\/v2\/users\/1"}],"replies":[{"embeddable":true,"href":"https:\/\/www.foto-jung.com\/index.php\/wp-json\/wp\/v2\/comments?post=40"}],"version-history":[{"count":9,"href":"https:\/\/www.foto-jung.com\/index.php\/wp-json\/wp\/v2\/pages\/40\/revisions"}],"predecessor-version":[{"id":422,"href":"https:\/\/www.foto-jung.com\/index.php\/wp-json\/wp\/v2\/pages\/40\/revisions\/422"}],"wp:attachment":[{"href":"https:\/\/www.foto-jung.com\/index.php\/wp-json\/wp\/v2\/media?parent=40"}],"curies":[{"name":"wp","href":"https:\/\/api.w.org\/{rel}","templated":true}]}}